{"id":569,"date":"2024-11-21T20:25:02","date_gmt":"2024-11-21T20:25:02","guid":{"rendered":"http:\/\/epgc.com.mx\/?page_id=569"},"modified":"2025-01-10T00:11:33","modified_gmt":"2025-01-10T00:11:33","slug":"servicios-de-topografia","status":"publish","type":"page","link":"https:\/\/epgc.com.mx\/en\/servicios-de-topografia\/","title":{"rendered":"Topography Services"},"content":{"rendered":"<div data-elementor-type=\"wp-page\" data-elementor-id=\"569\" class=\"elementor elementor-569\" data-elementor-post-type=\"page\">\n\t\t\t\t\t\t<section class=\"elementor-section elementor-top-section elementor-element elementor-element-476b1b1 elementor-section-boxed elementor-section-height-default elementor-section-height-default\" data-id=\"476b1b1\" data-element_type=\"section\" data-settings=\"{&quot;background_background&quot;:&quot;classic&quot;}\">\n\t\t\t\t\t\t\t<div class=\"elementor-background-overlay\"><\/div>\n\t\t\t\t\t\t\t<div class=\"elementor-container elementor-column-gap-default\">\n\t\t\t\t\t<div class=\"elementor-column elementor-col-100 elementor-top-column elementor-element elementor-element-1c819e44 elementor-invisible\" data-id=\"1c819e44\" data-element_type=\"column\" data-settings=\"{&quot;animation&quot;:&quot;fadeInLeft&quot;}\">\n\t\t\t<div class=\"elementor-widget-wrap elementor-element-populated\">\n\t\t\t\t\t\t<div class=\"elementor-element elementor-element-22e506d3 elementor-widget elementor-widget-heading\" data-id=\"22e506d3\" data-element_type=\"widget\" data-widget_type=\"heading.default\">\n\t\t\t\t<div class=\"elementor-widget-container\">\n\t\t\t\t\t<h1 class=\"elementor-heading-title elementor-size-default\">Topography Services<\/h1>\t\t\t\t<\/div>\n\t\t\t\t<\/div>\n\t\t\t\t\t<\/div>\n\t\t<\/div>\n\t\t\t\t\t<\/div>\n\t\t<\/section>\n\t\t\t\t<section class=\"elementor-section elementor-top-section elementor-element elementor-element-3636d6ec elementor-section-boxed elementor-section-height-default elementor-section-height-default\" data-id=\"3636d6ec\" data-element_type=\"section\" data-settings=\"{&quot;background_background&quot;:&quot;classic&quot;}\">\n\t\t\t\t\t\t<div class=\"elementor-container elementor-column-gap-default\">\n\t\t\t\t\t<div class=\"elementor-column elementor-col-50 elementor-top-column elementor-element elementor-element-65e0b110 elementor-invisible\" data-id=\"65e0b110\" data-element_type=\"column\" data-settings=\"{&quot;animation&quot;:&quot;fadeInUp&quot;}\">\n\t\t\t<div class=\"elementor-widget-wrap elementor-element-populated\">\n\t\t\t\t\t\t<div class=\"elementor-element elementor-element-660e78d4 elementor-widget elementor-widget-heading\" data-id=\"660e78d4\" data-element_type=\"widget\" data-widget_type=\"heading.default\">\n\t\t\t\t<div class=\"elementor-widget-container\">\n\t\t\t\t\t<h2 class=\"elementor-heading-title elementor-size-default\">Map the Geography of your Projects<\/h2>\t\t\t\t<\/div>\n\t\t\t\t<\/div>\n\t\t\t\t<div class=\"elementor-element elementor-element-66b6e959 elementor-widget elementor-widget-text-editor\" data-id=\"66b6e959\" data-element_type=\"widget\" data-widget_type=\"text-editor.default\">\n\t\t\t\t<div class=\"elementor-widget-container\">\n\t\t\t\t\t\t\t\t\t<p>Our topographic services are to know the altimetric (vertical) and planimetric (horizontal) configuration of an area on the earth's surface.<\/p>\t\t\t\t\t\t\t\t<\/div>\n\t\t\t\t<\/div>\n\t\t\t\t\t<\/div>\n\t\t<\/div>\n\t\t\t\t<div class=\"elementor-column elementor-col-50 elementor-top-column elementor-element elementor-element-98204bb elementor-invisible\" data-id=\"98204bb\" data-element_type=\"column\" data-settings=\"{&quot;animation&quot;:&quot;fadeInUp&quot;,&quot;background_background&quot;:&quot;classic&quot;}\">\n\t\t\t<div class=\"elementor-widget-wrap elementor-element-populated\">\n\t\t\t\t\t\t<div class=\"elementor-element elementor-element-12053ac elementor-icon-list--layout-traditional elementor-list-item-link-full_width elementor-widget elementor-widget-icon-list\" data-id=\"12053ac\" data-element_type=\"widget\" data-widget_type=\"icon-list.default\">\n\t\t\t\t<div class=\"elementor-widget-container\">\n\t\t\t\t\t\t\t<ul class=\"elementor-icon-list-items\">\n\t\t\t\t\t\t\t<li class=\"elementor-icon-list-item\">\n\t\t\t\t\t\t\t\t\t\t\t<span class=\"elementor-icon-list-icon\">\n\t\t\t\t\t\t\t<i aria-hidden=\"true\" class=\"arrow_carrot-right_alt2\"><\/i>\t\t\t\t\t\t<\/span>\n\t\t\t\t\t\t\t\t\t\t<span class=\"elementor-icon-list-text\">Planimetric and Altimetric Surveying<\/span>\n\t\t\t\t\t\t\t\t\t<\/li>\n\t\t\t\t\t\t\t\t<li class=\"elementor-icon-list-item\">\n\t\t\t\t\t\t\t\t\t\t\t<span class=\"elementor-icon-list-icon\">\n\t\t\t\t\t\t\t<i aria-hidden=\"true\" class=\"arrow_carrot-right_alt2\"><\/i>\t\t\t\t\t\t<\/span>\n\t\t\t\t\t\t\t\t\t\t<span class=\"elementor-icon-list-text\">Topographic Surveying for Engineering Projects<\/span>\n\t\t\t\t\t\t\t\t\t<\/li>\n\t\t\t\t\t\t\t\t<li class=\"elementor-icon-list-item\">\n\t\t\t\t\t\t\t\t\t\t\t<span class=\"elementor-icon-list-icon\">\n\t\t\t\t\t\t\t<i aria-hidden=\"true\" class=\"arrow_carrot-right_alt2\"><\/i>\t\t\t\t\t\t<\/span>\n\t\t\t\t\t\t\t\t\t\t<span class=\"elementor-icon-list-text\">Physical Infrastructure Surveys<\/span>\n\t\t\t\t\t\t\t\t\t<\/li>\n\t\t\t\t\t\t<\/ul>\n\t\t\t\t\t\t<\/div>\n\t\t\t\t<\/div>\n\t\t\t\t\t<\/div>\n\t\t<\/div>\n\t\t\t\t\t<\/div>\n\t\t<\/section>\n\t\t\t\t<section class=\"elementor-section elementor-top-section elementor-element elementor-element-4cd02c31 elementor-section-boxed elementor-section-height-default elementor-section-height-default\" data-id=\"4cd02c31\" data-element_type=\"section\" data-settings=\"{&quot;background_background&quot;:&quot;classic&quot;}\">\n\t\t\t\t\t\t<div class=\"elementor-container elementor-column-gap-default\">\n\t\t\t\t\t<div class=\"elementor-column elementor-col-100 elementor-top-column elementor-element elementor-element-79c2506d\" data-id=\"79c2506d\" data-element_type=\"column\">\n\t\t\t<div class=\"elementor-widget-wrap elementor-element-populated\">\n\t\t\t\t\t\t<section class=\"elementor-section elementor-inner-section elementor-element elementor-element-045ae02 elementor-section-boxed elementor-section-height-default elementor-section-height-default\" data-id=\"045ae02\" data-element_type=\"section\">\n\t\t\t\t\t\t<div class=\"elementor-container elementor-column-gap-default\">\n\t\t\t\t\t<div class=\"elementor-column elementor-col-33 elementor-inner-column elementor-element elementor-element-1a1d75f elementor-invisible\" data-id=\"1a1d75f\" data-element_type=\"column\" data-settings=\"{&quot;animation&quot;:&quot;fadeInLeft&quot;}\">\n\t\t\t<div class=\"elementor-widget-wrap elementor-element-populated\">\n\t\t\t\t\t\t<div class=\"elementor-element elementor-element-5e08428 ekit-equal-height-enable elementor-widget elementor-widget-elementskit-image-box\" data-id=\"5e08428\" data-element_type=\"widget\" data-widget_type=\"elementskit-image-box.default\">\n\t\t\t\t<div class=\"elementor-widget-container\">\n\t\t\t\t\t<div class=\"ekit-wid-con\" >\n            <div class=\"elementskit-info-image-box ekit-image-box text-left simple-card\" >\n\n                \n                <div class=\"elementskit-box-header image-box-img-left\">\n\n                    <img fetchpriority=\"high\" decoding=\"async\" width=\"1080\" height=\"608\" src=\"https:\/\/epgc.com.mx\/wp-content\/uploads\/2024\/11\/levantamiento.webp\" class=\"attachment-full size-full wp-image-572\" alt=\"\" srcset=\"https:\/\/epgc.com.mx\/wp-content\/uploads\/2024\/11\/levantamiento.webp 1080w, https:\/\/epgc.com.mx\/wp-content\/uploads\/2024\/11\/levantamiento-300x169.webp 300w, https:\/\/epgc.com.mx\/wp-content\/uploads\/2024\/11\/levantamiento-1024x576.webp 1024w, https:\/\/epgc.com.mx\/wp-content\/uploads\/2024\/11\/levantamiento-768x432.webp 768w\" sizes=\"(max-width: 1080px) 100vw, 1080px\" \/>\n                <\/div>\n                \n                <div class=\"elementskit-box-body ekit-image-box-body\">\n                    <div class=\"elementskit-box-content ekit-image-box-body-inner\">\n                                                <h3 class=\"elementskit-info-box-title\">\n\n                        Planimetric and Altimetric Surveying\n                        \n                    <\/h3>\n                                                            <div class=\"elementskit-box-style-content\">\n                        This type of survey is performed when you want to know the location and vertical configuration of a property, road or land surface.                    <\/div>\n                                    <\/div>\n\n                            <\/div>\n            <\/div>\n    <\/div>\t\t\t\t<\/div>\n\t\t\t\t<\/div>\n\t\t\t\t\t<\/div>\n\t\t<\/div>\n\t\t\t\t<div class=\"elementor-column elementor-col-33 elementor-inner-column elementor-element elementor-element-08b4e09 elementor-invisible\" data-id=\"08b4e09\" data-element_type=\"column\" data-settings=\"{&quot;animation&quot;:&quot;fadeInUp&quot;}\">\n\t\t\t<div class=\"elementor-widget-wrap elementor-element-populated\">\n\t\t\t\t\t\t<div class=\"elementor-element elementor-element-8d1ba9b ekit-equal-height-enable elementor-widget elementor-widget-elementskit-image-box\" data-id=\"8d1ba9b\" data-element_type=\"widget\" data-widget_type=\"elementskit-image-box.default\">\n\t\t\t\t<div class=\"elementor-widget-container\">\n\t\t\t\t\t<div class=\"ekit-wid-con\" >\n            <div class=\"elementskit-info-image-box ekit-image-box text-left simple-card\" >\n\n                \n                <div class=\"elementskit-box-header image-box-img-left\">\n\n                    <img decoding=\"async\" width=\"2560\" height=\"1440\" src=\"https:\/\/epgc.com.mx\/wp-content\/uploads\/2024\/11\/levantamiento-2-scaled.webp\" class=\"attachment-full size-full wp-image-573\" alt=\"\" srcset=\"https:\/\/epgc.com.mx\/wp-content\/uploads\/2024\/11\/levantamiento-2-scaled.webp 2560w, https:\/\/epgc.com.mx\/wp-content\/uploads\/2024\/11\/levantamiento-2-300x169.webp 300w, https:\/\/epgc.com.mx\/wp-content\/uploads\/2024\/11\/levantamiento-2-1024x576.webp 1024w, https:\/\/epgc.com.mx\/wp-content\/uploads\/2024\/11\/levantamiento-2-768x432.webp 768w, https:\/\/epgc.com.mx\/wp-content\/uploads\/2024\/11\/levantamiento-2-1536x864.webp 1536w, https:\/\/epgc.com.mx\/wp-content\/uploads\/2024\/11\/levantamiento-2-2048x1152.webp 2048w\" sizes=\"(max-width: 2560px) 100vw, 2560px\" \/>\n                <\/div>\n                \n                <div class=\"elementskit-box-body ekit-image-box-body\">\n                    <div class=\"elementskit-box-content ekit-image-box-body-inner\">\n                                                <h3 class=\"elementskit-info-box-title\">\n\n                        Topographic Surveying for Engineering Projects\n                        \n                    <\/h3>\n                                                            <div class=\"elementskit-box-style-content\">\n                        This work is done to establish the basics for engineering projects, especially those related to infrastructure construction, and is required by engineers, architects, and contractors.                    <\/div>\n                                    <\/div>\n\n                            <\/div>\n            <\/div>\n    <\/div>\t\t\t\t<\/div>\n\t\t\t\t<\/div>\n\t\t\t\t\t<\/div>\n\t\t<\/div>\n\t\t\t\t<div class=\"elementor-column elementor-col-33 elementor-inner-column elementor-element elementor-element-2ad81d5 elementor-invisible\" data-id=\"2ad81d5\" data-element_type=\"column\" data-settings=\"{&quot;animation&quot;:&quot;fadeInRight&quot;}\">\n\t\t\t<div class=\"elementor-widget-wrap elementor-element-populated\">\n\t\t\t\t\t\t<div class=\"elementor-element elementor-element-948f126 ekit-equal-height-enable elementor-widget elementor-widget-elementskit-image-box\" data-id=\"948f126\" data-element_type=\"widget\" data-widget_type=\"elementskit-image-box.default\">\n\t\t\t\t<div class=\"elementor-widget-container\">\n\t\t\t\t\t<div class=\"ekit-wid-con\" >\n            <div class=\"elementskit-info-image-box ekit-image-box text-left simple-card\" >\n\n                \n                <div class=\"elementskit-box-header image-box-img-left\">\n\n                    <img decoding=\"async\" width=\"552\" height=\"311\" src=\"https:\/\/epgc.com.mx\/wp-content\/uploads\/2024\/11\/levatamiento-3.webp\" class=\"attachment-full size-full wp-image-571\" alt=\"\" srcset=\"https:\/\/epgc.com.mx\/wp-content\/uploads\/2024\/11\/levatamiento-3.webp 552w, https:\/\/epgc.com.mx\/wp-content\/uploads\/2024\/11\/levatamiento-3-300x169.webp 300w\" sizes=\"(max-width: 552px) 100vw, 552px\" \/>\n                <\/div>\n                \n                <div class=\"elementskit-box-body ekit-image-box-body\">\n                    <div class=\"elementskit-box-content ekit-image-box-body-inner\">\n                                                <h3 class=\"elementskit-info-box-title\">\n\n                        Physical Infrastructure Surveys\n                        \n                    <\/h3>\n                                                            <div class=\"elementskit-box-style-content\">\n                        It is performed when it is necessary to know in detail the location and dimensions of existing infrastructure on a street, in a building, or a community.                    <\/div>\n                                    <\/div>\n\n                            <\/div>\n            <\/div>\n    <\/div>\t\t\t\t<\/div>\n\t\t\t\t<\/div>\n\t\t\t\t\t<\/div>\n\t\t<\/div>\n\t\t\t\t\t<\/div>\n\t\t<\/section>\n\t\t\t\t\t<\/div>\n\t\t<\/div>\n\t\t\t\t\t<\/div>\n\t\t<\/section>\n\t\t\t\t<\/div>","protected":false},"excerpt":{"rendered":"<p>Servicios de Topograf\u00eda Mapea la Geograf\u00eda de tus Proyectos Nuestros servicios topogr\u00e1ficos son para conocer la configuraci\u00f3n altim\u00e9trica (vertical) y planimetr\u00eda (horizontal) de un \u00e1rea sobre la superficie terrestre. Levantamiento Planim\u00e9trico y Altim\u00e9trico Levantamiento Topogr\u00e1fico para Proyectos de Ingenier\u00eda Levantamientos de la Infraestructura F\u00edsica Levantamiento Planim\u00e9trico y Altim\u00e9trico Este tipo de levantamiento se ejecuta cuando [&hellip;]<\/p>","protected":false},"author":1,"featured_media":0,"parent":0,"menu_order":0,"comment_status":"closed","ping_status":"closed","template":"elementor_header_footer","meta":{"footnotes":""},"class_list":["post-569","page","type-page","status-publish","hentry"],"yoast_head":"<!-- This site is optimized with the Yoast SEO plugin v25.5 - https:\/\/yoast.com\/wordpress\/plugins\/seo\/ -->\n<title>EPGC - Servicios de Topograf\u00eda para tu Proyecto desde Mexicali<\/title>\n<meta name=\"description\" content=\"Obt\u00e9n mapas precisos de la geograf\u00eda de tus proyectos con nuestros levantamientos topogr\u00e1ficos planim\u00e9tricos y altim\u00e9tricos.\" \/>\n<meta name=\"robots\" content=\"index, follow, max-snippet:-1, max-image-preview:large, max-video-preview:-1\" \/>\n<link rel=\"canonical\" href=\"https:\/\/epgc.com.mx\/en\/servicios-de-topografia\/\" \/>\n<meta property=\"og:locale\" content=\"en_US\" \/>\n<meta property=\"og:type\" content=\"article\" \/>\n<meta property=\"og:title\" content=\"EPGC - Servicios de Topograf\u00eda para tu Proyecto desde Mexicali\" \/>\n<meta property=\"og:description\" content=\"Obt\u00e9n mapas precisos de la geograf\u00eda de tus proyectos con nuestros levantamientos topogr\u00e1ficos planim\u00e9tricos y altim\u00e9tricos.\" \/>\n<meta property=\"og:url\" content=\"https:\/\/epgc.com.mx\/en\/servicios-de-topografia\/\" \/>\n<meta property=\"og:site_name\" content=\"EPGC | Especialistas en Geotecnia\" \/>\n<meta property=\"article:modified_time\" content=\"2025-01-10T00:11:33+00:00\" \/>\n<meta property=\"og:image\" content=\"http:\/\/epgc.com.mx\/wp-content\/uploads\/2024\/11\/levantamiento.webp\" \/>\n<meta name=\"twitter:card\" content=\"summary_large_image\" \/>\n<meta name=\"twitter:label1\" content=\"Est. reading time\" \/>\n\t<meta name=\"twitter:data1\" content=\"2 minutes\" \/>\n<script type=\"application\/ld+json\" class=\"yoast-schema-graph\">{\"@context\":\"https:\/\/schema.org\",\"@graph\":[{\"@type\":\"WebPage\",\"@id\":\"https:\/\/epgc.com.mx\/servicios-de-topografia\/\",\"url\":\"https:\/\/epgc.com.mx\/servicios-de-topografia\/\",\"name\":\"EPGC - Servicios de Topograf\u00eda para tu Proyecto desde Mexicali\",\"isPartOf\":{\"@id\":\"https:\/\/epgc.com.mx\/#website\"},\"primaryImageOfPage\":{\"@id\":\"https:\/\/epgc.com.mx\/servicios-de-topografia\/#primaryimage\"},\"image\":{\"@id\":\"https:\/\/epgc.com.mx\/servicios-de-topografia\/#primaryimage\"},\"thumbnailUrl\":\"http:\/\/epgc.com.mx\/wp-content\/uploads\/2024\/11\/levantamiento.webp\",\"datePublished\":\"2024-11-21T20:25:02+00:00\",\"dateModified\":\"2025-01-10T00:11:33+00:00\",\"description\":\"Obt\u00e9n mapas precisos de la geograf\u00eda de tus proyectos con nuestros levantamientos topogr\u00e1ficos planim\u00e9tricos y altim\u00e9tricos.\",\"breadcrumb\":{\"@id\":\"https:\/\/epgc.com.mx\/servicios-de-topografia\/#breadcrumb\"},\"inLanguage\":\"en-US\",\"potentialAction\":[{\"@type\":\"ReadAction\",\"target\":[\"https:\/\/epgc.com.mx\/servicios-de-topografia\/\"]}]},{\"@type\":\"ImageObject\",\"inLanguage\":\"en-US\",\"@id\":\"https:\/\/epgc.com.mx\/servicios-de-topografia\/#primaryimage\",\"url\":\"http:\/\/epgc.com.mx\/wp-content\/uploads\/2024\/11\/levantamiento.webp\",\"contentUrl\":\"http:\/\/epgc.com.mx\/wp-content\/uploads\/2024\/11\/levantamiento.webp\"},{\"@type\":\"BreadcrumbList\",\"@id\":\"https:\/\/epgc.com.mx\/servicios-de-topografia\/#breadcrumb\",\"itemListElement\":[{\"@type\":\"ListItem\",\"position\":1,\"name\":\"Home\",\"item\":\"https:\/\/epgc.com.mx\/\"},{\"@type\":\"ListItem\",\"position\":2,\"name\":\"Servicios de topografia\"}]},{\"@type\":\"WebSite\",\"@id\":\"https:\/\/epgc.com.mx\/#website\",\"url\":\"https:\/\/epgc.com.mx\/\",\"name\":\"EPGC | Especialistas en Geotecnia\",\"description\":\"\",\"potentialAction\":[{\"@type\":\"SearchAction\",\"target\":{\"@type\":\"EntryPoint\",\"urlTemplate\":\"https:\/\/epgc.com.mx\/?s={search_term_string}\"},\"query-input\":{\"@type\":\"PropertyValueSpecification\",\"valueRequired\":true,\"valueName\":\"search_term_string\"}}],\"inLanguage\":\"en-US\"}]}<\/script>\n<!-- \/ Yoast SEO plugin. -->","yoast_head_json":{"title":"EPGC - Topography Services for Your Project from Mexicali","description":"Get accurate maps of your projects' geography with our planimetric and altimetric topographic surveys.","robots":{"index":"index","follow":"follow","max-snippet":"max-snippet:-1","max-image-preview":"max-image-preview:large","max-video-preview":"max-video-preview:-1"},"canonical":"https:\/\/epgc.com.mx\/en\/servicios-de-topografia\/","og_locale":"en_US","og_type":"article","og_title":"EPGC - Servicios de Topograf\u00eda para tu Proyecto desde Mexicali","og_description":"Obt\u00e9n mapas precisos de la geograf\u00eda de tus proyectos con nuestros levantamientos topogr\u00e1ficos planim\u00e9tricos y altim\u00e9tricos.","og_url":"https:\/\/epgc.com.mx\/en\/servicios-de-topografia\/","og_site_name":"EPGC | Especialistas en Geotecnia","article_modified_time":"2025-01-10T00:11:33+00:00","og_image":[{"url":"http:\/\/epgc.com.mx\/wp-content\/uploads\/2024\/11\/levantamiento.webp","type":"","width":"","height":""}],"twitter_card":"summary_large_image","twitter_misc":{"Est. reading time":"2 minutes"},"schema":{"@context":"https:\/\/schema.org","@graph":[{"@type":"WebPage","@id":"https:\/\/epgc.com.mx\/servicios-de-topografia\/","url":"https:\/\/epgc.com.mx\/servicios-de-topografia\/","name":"EPGC - Topography Services for Your Project from Mexicali","isPartOf":{"@id":"https:\/\/epgc.com.mx\/#website"},"primaryImageOfPage":{"@id":"https:\/\/epgc.com.mx\/servicios-de-topografia\/#primaryimage"},"image":{"@id":"https:\/\/epgc.com.mx\/servicios-de-topografia\/#primaryimage"},"thumbnailUrl":"http:\/\/epgc.com.mx\/wp-content\/uploads\/2024\/11\/levantamiento.webp","datePublished":"2024-11-21T20:25:02+00:00","dateModified":"2025-01-10T00:11:33+00:00","description":"Get accurate maps of your projects' geography with our planimetric and altimetric topographic surveys.","breadcrumb":{"@id":"https:\/\/epgc.com.mx\/servicios-de-topografia\/#breadcrumb"},"inLanguage":"en-US","potentialAction":[{"@type":"ReadAction","target":["https:\/\/epgc.com.mx\/servicios-de-topografia\/"]}]},{"@type":"ImageObject","inLanguage":"en-US","@id":"https:\/\/epgc.com.mx\/servicios-de-topografia\/#primaryimage","url":"http:\/\/epgc.com.mx\/wp-content\/uploads\/2024\/11\/levantamiento.webp","contentUrl":"http:\/\/epgc.com.mx\/wp-content\/uploads\/2024\/11\/levantamiento.webp"},{"@type":"BreadcrumbList","@id":"https:\/\/epgc.com.mx\/servicios-de-topografia\/#breadcrumb","itemListElement":[{"@type":"ListItem","position":1,"name":"Home","item":"https:\/\/epgc.com.mx\/"},{"@type":"ListItem","position":2,"name":"Servicios de topografia"}]},{"@type":"WebSite","@id":"https:\/\/epgc.com.mx\/#website","url":"https:\/\/epgc.com.mx\/","name":"EPGC | Especialistas en Geotecnia","description":"","potentialAction":[{"@type":"SearchAction","target":{"@type":"EntryPoint","urlTemplate":"https:\/\/epgc.com.mx\/?s={search_term_string}"},"query-input":{"@type":"PropertyValueSpecification","valueRequired":true,"valueName":"search_term_string"}}],"inLanguage":"en-US"}]}},"_links":{"self":[{"href":"https:\/\/epgc.com.mx\/en\/wp-json\/wp\/v2\/pages\/569","targetHints":{"allow":["GET"]}}],"collection":[{"href":"https:\/\/epgc.com.mx\/en\/wp-json\/wp\/v2\/pages"}],"about":[{"href":"https:\/\/epgc.com.mx\/en\/wp-json\/wp\/v2\/types\/page"}],"author":[{"embeddable":true,"href":"https:\/\/epgc.com.mx\/en\/wp-json\/wp\/v2\/users\/1"}],"replies":[{"embeddable":true,"href":"https:\/\/epgc.com.mx\/en\/wp-json\/wp\/v2\/comments?post=569"}],"version-history":[{"count":0,"href":"https:\/\/epgc.com.mx\/en\/wp-json\/wp\/v2\/pages\/569\/revisions"}],"wp:attachment":[{"href":"https:\/\/epgc.com.mx\/en\/wp-json\/wp\/v2\/media?parent=569"}],"curies":[{"name":"wp","href":"https:\/\/api.w.org\/{rel}","templated":true}]}}