{"id":581,"date":"2024-11-21T20:40:36","date_gmt":"2024-11-21T20:40:36","guid":{"rendered":"http:\/\/epgc.com.mx\/?page_id=581"},"modified":"2025-01-10T00:12:06","modified_gmt":"2025-01-10T00:12:06","slug":"levantamientos-geologicos","status":"publish","type":"page","link":"https:\/\/epgc.com.mx\/en\/levantamientos-geologicos\/","title":{"rendered":"Geological Surveys"},"content":{"rendered":"<div data-elementor-type=\"wp-page\" data-elementor-id=\"581\" class=\"elementor elementor-581\" data-elementor-post-type=\"page\">\n\t\t\t\t\t\t<section class=\"elementor-section elementor-top-section elementor-element elementor-element-476b1b1 elementor-section-boxed elementor-section-height-default elementor-section-height-default\" data-id=\"476b1b1\" data-element_type=\"section\" data-settings=\"{&quot;background_background&quot;:&quot;classic&quot;}\">\n\t\t\t\t\t\t\t<div class=\"elementor-background-overlay\"><\/div>\n\t\t\t\t\t\t\t<div class=\"elementor-container elementor-column-gap-default\">\n\t\t\t\t\t<div class=\"elementor-column elementor-col-100 elementor-top-column elementor-element elementor-element-1c819e44 elementor-invisible\" data-id=\"1c819e44\" data-element_type=\"column\" data-settings=\"{&quot;animation&quot;:&quot;fadeInLeft&quot;}\">\n\t\t\t<div class=\"elementor-widget-wrap elementor-element-populated\">\n\t\t\t\t\t\t<div class=\"elementor-element elementor-element-22e506d3 elementor-widget elementor-widget-heading\" data-id=\"22e506d3\" data-element_type=\"widget\" data-widget_type=\"heading.default\">\n\t\t\t\t<div class=\"elementor-widget-container\">\n\t\t\t\t\t<h1 class=\"elementor-heading-title elementor-size-default\">Geological Surveys<\/h1>\t\t\t\t<\/div>\n\t\t\t\t<\/div>\n\t\t\t\t\t<\/div>\n\t\t<\/div>\n\t\t\t\t\t<\/div>\n\t\t<\/section>\n\t\t\t\t<section class=\"elementor-section elementor-top-section elementor-element elementor-element-3636d6ec elementor-section-boxed elementor-section-height-default elementor-section-height-default\" data-id=\"3636d6ec\" data-element_type=\"section\" data-settings=\"{&quot;background_background&quot;:&quot;classic&quot;}\">\n\t\t\t\t\t\t<div class=\"elementor-container elementor-column-gap-default\">\n\t\t\t\t\t<div class=\"elementor-column elementor-col-50 elementor-top-column elementor-element elementor-element-65e0b110 elementor-invisible\" data-id=\"65e0b110\" data-element_type=\"column\" data-settings=\"{&quot;animation&quot;:&quot;fadeInUp&quot;}\">\n\t\t\t<div class=\"elementor-widget-wrap elementor-element-populated\">\n\t\t\t\t\t\t<div class=\"elementor-element elementor-element-660e78d4 elementor-widget elementor-widget-heading\" data-id=\"660e78d4\" data-element_type=\"widget\" data-widget_type=\"heading.default\">\n\t\t\t\t<div class=\"elementor-widget-container\">\n\t\t\t\t\t<h2 class=\"elementor-heading-title elementor-size-default\">Detailed Geological Exploration<\/h2>\t\t\t\t<\/div>\n\t\t\t\t<\/div>\n\t\t\t\t<div class=\"elementor-element elementor-element-66b6e959 elementor-widget elementor-widget-text-editor\" data-id=\"66b6e959\" data-element_type=\"widget\" data-widget_type=\"text-editor.default\">\n\t\t\t\t<div class=\"elementor-widget-container\">\n\t\t\t\t\t\t\t\t\t<p>Our Geological Survey service allows us to obtain geological and hazard maps that represent the geological characteristics of the surface of the projects to be studied.<\/p>\t\t\t\t\t\t\t\t<\/div>\n\t\t\t\t<\/div>\n\t\t\t\t\t<\/div>\n\t\t<\/div>\n\t\t\t\t<div class=\"elementor-column elementor-col-50 elementor-top-column elementor-element elementor-element-98204bb elementor-invisible\" data-id=\"98204bb\" data-element_type=\"column\" data-settings=\"{&quot;animation&quot;:&quot;fadeInUp&quot;,&quot;background_background&quot;:&quot;classic&quot;}\">\n\t\t\t<div class=\"elementor-widget-wrap elementor-element-populated\">\n\t\t\t\t\t\t<section class=\"elementor-section elementor-inner-section elementor-element elementor-element-c6ec317 elementor-section-boxed elementor-section-height-default elementor-section-height-default\" data-id=\"c6ec317\" data-element_type=\"section\">\n\t\t\t\t\t\t<div class=\"elementor-container elementor-column-gap-default\">\n\t\t\t\t\t<div class=\"elementor-column elementor-col-100 elementor-inner-column elementor-element elementor-element-4fcdedf\" data-id=\"4fcdedf\" data-element_type=\"column\">\n\t\t\t<div class=\"elementor-widget-wrap elementor-element-populated\">\n\t\t\t\t\t\t<div class=\"elementor-element elementor-element-12053ac elementor-icon-list--layout-traditional elementor-list-item-link-full_width elementor-widget elementor-widget-icon-list\" data-id=\"12053ac\" data-element_type=\"widget\" data-widget_type=\"icon-list.default\">\n\t\t\t\t<div class=\"elementor-widget-container\">\n\t\t\t\t\t\t\t<ul class=\"elementor-icon-list-items\">\n\t\t\t\t\t\t\t<li class=\"elementor-icon-list-item\">\n\t\t\t\t\t\t\t\t\t\t\t<span class=\"elementor-icon-list-icon\">\n\t\t\t\t\t\t\t<i aria-hidden=\"true\" class=\"arrow_carrot-right_alt2\"><\/i>\t\t\t\t\t\t<\/span>\n\t\t\t\t\t\t\t\t\t\t<span class=\"elementor-icon-list-text\">Geological Surveys<\/span>\n\t\t\t\t\t\t\t\t\t<\/li>\n\t\t\t\t\t\t\t\t<li class=\"elementor-icon-list-item\">\n\t\t\t\t\t\t\t\t\t\t\t<span class=\"elementor-icon-list-icon\">\n\t\t\t\t\t\t\t<i aria-hidden=\"true\" class=\"arrow_carrot-right_alt2\"><\/i>\t\t\t\t\t\t<\/span>\n\t\t\t\t\t\t\t\t\t\t<span class=\"elementor-icon-list-text\">Structural Geology<\/span>\n\t\t\t\t\t\t\t\t\t<\/li>\n\t\t\t\t\t\t\t\t<li class=\"elementor-icon-list-item\">\n\t\t\t\t\t\t\t\t\t\t\t<span class=\"elementor-icon-list-icon\">\n\t\t\t\t\t\t\t<i aria-hidden=\"true\" class=\"arrow_carrot-right_alt2\"><\/i>\t\t\t\t\t\t<\/span>\n\t\t\t\t\t\t\t\t\t\t<span class=\"elementor-icon-list-text\">Geological Risk Identification<\/span>\n\t\t\t\t\t\t\t\t\t<\/li>\n\t\t\t\t\t\t<\/ul>\n\t\t\t\t\t\t<\/div>\n\t\t\t\t<\/div>\n\t\t\t\t\t<\/div>\n\t\t<\/div>\n\t\t\t\t\t<\/div>\n\t\t<\/section>\n\t\t\t\t\t<\/div>\n\t\t<\/div>\n\t\t\t\t\t<\/div>\n\t\t<\/section>\n\t\t\t\t<section class=\"elementor-section elementor-top-section elementor-element elementor-element-4cd02c31 elementor-section-boxed elementor-section-height-default elementor-section-height-default\" data-id=\"4cd02c31\" data-element_type=\"section\" data-settings=\"{&quot;background_background&quot;:&quot;classic&quot;}\">\n\t\t\t\t\t\t<div class=\"elementor-container elementor-column-gap-default\">\n\t\t\t\t\t<div class=\"elementor-column elementor-col-100 elementor-top-column elementor-element elementor-element-79c2506d\" data-id=\"79c2506d\" data-element_type=\"column\">\n\t\t\t<div class=\"elementor-widget-wrap elementor-element-populated\">\n\t\t\t\t\t\t<section class=\"elementor-section elementor-inner-section elementor-element elementor-element-045ae02 elementor-section-boxed elementor-section-height-default elementor-section-height-default\" data-id=\"045ae02\" data-element_type=\"section\">\n\t\t\t\t\t\t<div class=\"elementor-container elementor-column-gap-default\">\n\t\t\t\t\t<div class=\"elementor-column elementor-col-33 elementor-inner-column elementor-element elementor-element-1a1d75f elementor-invisible\" data-id=\"1a1d75f\" data-element_type=\"column\" data-settings=\"{&quot;animation&quot;:&quot;fadeInLeft&quot;}\">\n\t\t\t<div class=\"elementor-widget-wrap elementor-element-populated\">\n\t\t\t\t\t\t<div class=\"elementor-element elementor-element-5e08428 ekit-equal-height-enable elementor-widget elementor-widget-elementskit-image-box\" data-id=\"5e08428\" data-element_type=\"widget\" data-widget_type=\"elementskit-image-box.default\">\n\t\t\t\t<div class=\"elementor-widget-container\">\n\t\t\t\t\t<div class=\"ekit-wid-con\" >\n            <div class=\"elementskit-info-image-box ekit-image-box text-left simple-card\" >\n\n                \n                <div class=\"elementskit-box-header image-box-img-left\">\n\n                    <img fetchpriority=\"high\" decoding=\"async\" width=\"960\" height=\"540\" src=\"https:\/\/epgc.com.mx\/wp-content\/uploads\/2024\/11\/geologico.webp\" class=\"attachment-full size-full wp-image-607\" alt=\"\" srcset=\"https:\/\/epgc.com.mx\/wp-content\/uploads\/2024\/11\/geologico.webp 960w, https:\/\/epgc.com.mx\/wp-content\/uploads\/2024\/11\/geologico-300x169.webp 300w, https:\/\/epgc.com.mx\/wp-content\/uploads\/2024\/11\/geologico-768x432.webp 768w\" sizes=\"(max-width: 960px) 100vw, 960px\" \/>\n                <\/div>\n                \n                <div class=\"elementskit-box-body ekit-image-box-body\">\n                    <div class=\"elementskit-box-content ekit-image-box-body-inner\">\n                                                <h3 class=\"elementskit-info-box-title\">\n\n                        Geological Surveys\n                        \n                    <\/h3>\n                                                            <div class=\"elementskit-box-style-content\">\n                        We conduct direct field inspections both regionally and at specific sites of interest. This geological survey provides diverse information about the area and the on-site materials (lithology), allowing for an understanding of the general and detailed geological environment, identifying significant structures such as folds, faults, thrusts, and fractures (structural geology), and gaining knowledge of geomorphology, current erosive processes, and the types of surface and subsurface drainage.                    <\/div>\n                                    <\/div>\n\n                            <\/div>\n            <\/div>\n    <\/div>\t\t\t\t<\/div>\n\t\t\t\t<\/div>\n\t\t\t\t\t<\/div>\n\t\t<\/div>\n\t\t\t\t<div class=\"elementor-column elementor-col-33 elementor-inner-column elementor-element elementor-element-08b4e09 elementor-invisible\" data-id=\"08b4e09\" data-element_type=\"column\" data-settings=\"{&quot;animation&quot;:&quot;fadeInUp&quot;}\">\n\t\t\t<div class=\"elementor-widget-wrap elementor-element-populated\">\n\t\t\t\t\t\t<div class=\"elementor-element elementor-element-8d1ba9b ekit-equal-height-enable elementor-widget elementor-widget-elementskit-image-box\" data-id=\"8d1ba9b\" data-element_type=\"widget\" data-widget_type=\"elementskit-image-box.default\">\n\t\t\t\t<div class=\"elementor-widget-container\">\n\t\t\t\t\t<div class=\"ekit-wid-con\" >\n            <div class=\"elementskit-info-image-box ekit-image-box text-left simple-card\" >\n\n                \n                <div class=\"elementskit-box-header image-box-img-left\">\n\n                    <img decoding=\"async\" width=\"960\" height=\"540\" src=\"https:\/\/epgc.com.mx\/wp-content\/uploads\/2024\/11\/geologico-1.webp\" class=\"attachment-full size-full wp-image-587\" alt=\"\" srcset=\"https:\/\/epgc.com.mx\/wp-content\/uploads\/2024\/11\/geologico-1.webp 960w, https:\/\/epgc.com.mx\/wp-content\/uploads\/2024\/11\/geologico-1-300x169.webp 300w, https:\/\/epgc.com.mx\/wp-content\/uploads\/2024\/11\/geologico-1-768x432.webp 768w\" sizes=\"(max-width: 960px) 100vw, 960px\" \/>\n                <\/div>\n                \n                <div class=\"elementskit-box-body ekit-image-box-body\">\n                    <div class=\"elementskit-box-content ekit-image-box-body-inner\">\n                                                <h3 class=\"elementskit-info-box-title\">\n\n                        Structural Geology\n                        \n                    <\/h3>\n                                                            <div class=\"elementskit-box-style-content\">\n                        In structural geology, we handle the study of deformations that occur in the Earth's crust. In structural geology, geological structures are analyzed, including geological plans of primary structures (stratum direction, magma flows, etc.) and secondary structures (faults, fractures, joints, etc.).                    <\/div>\n                                    <\/div>\n\n                            <\/div>\n            <\/div>\n    <\/div>\t\t\t\t<\/div>\n\t\t\t\t<\/div>\n\t\t\t\t\t<\/div>\n\t\t<\/div>\n\t\t\t\t<div class=\"elementor-column elementor-col-33 elementor-inner-column elementor-element elementor-element-2ad81d5 elementor-invisible\" data-id=\"2ad81d5\" data-element_type=\"column\" data-settings=\"{&quot;animation&quot;:&quot;fadeInRight&quot;}\">\n\t\t\t<div class=\"elementor-widget-wrap elementor-element-populated\">\n\t\t\t\t\t\t<div class=\"elementor-element elementor-element-948f126 ekit-equal-height-enable elementor-widget elementor-widget-elementskit-image-box\" data-id=\"948f126\" data-element_type=\"widget\" data-widget_type=\"elementskit-image-box.default\">\n\t\t\t\t<div class=\"elementor-widget-container\">\n\t\t\t\t\t<div class=\"ekit-wid-con\" >\n            <div class=\"elementskit-info-image-box ekit-image-box text-left simple-card\" >\n\n                \n                <div class=\"elementskit-box-header image-box-img-left\">\n\n                    <img decoding=\"async\" width=\"960\" height=\"540\" src=\"https:\/\/epgc.com.mx\/wp-content\/uploads\/2024\/11\/geologico-3.webp\" class=\"attachment-full size-full wp-image-589\" alt=\"\" srcset=\"https:\/\/epgc.com.mx\/wp-content\/uploads\/2024\/11\/geologico-3.webp 960w, https:\/\/epgc.com.mx\/wp-content\/uploads\/2024\/11\/geologico-3-300x169.webp 300w, https:\/\/epgc.com.mx\/wp-content\/uploads\/2024\/11\/geologico-3-768x432.webp 768w\" sizes=\"(max-width: 960px) 100vw, 960px\" \/>\n                <\/div>\n                \n                <div class=\"elementskit-box-body ekit-image-box-body\">\n                    <div class=\"elementskit-box-content ekit-image-box-body-inner\">\n                                                <h3 class=\"elementskit-info-box-title\">\n\n                        Geological Risk Identification\n                        \n                    <\/h3>\n                                                            <div class=\"elementskit-box-style-content\">\n                        We provide Geological Risk Identification, which refers to catastrophes caused by natural phenomena divided into three groups. Those directly originate from internal geological processes (volcanoes, earthquakes, and tsunamis). Those are directly derived from the dynamics of external geological processes (floods and gravitational movements). And risks caused by interaction and human modification.                    <\/div>\n                                    <\/div>\n\n                            <\/div>\n            <\/div>\n    <\/div>\t\t\t\t<\/div>\n\t\t\t\t<\/div>\n\t\t\t\t\t<\/div>\n\t\t<\/div>\n\t\t\t\t\t<\/div>\n\t\t<\/section>\n\t\t\t\t\t<\/div>\n\t\t<\/div>\n\t\t\t\t\t<\/div>\n\t\t<\/section>\n\t\t\t\t<\/div>","protected":false},"excerpt":{"rendered":"<p>Levantamientos Geol\u00f3gicos Exploraci\u00f3n Geol\u00f3gica Detallada Nuestro servicio de Levantamiento Geol\u00f3gico nos permite obtener los mapas geol\u00f3gicos y de riegos, que representan las caracter\u00edsticas geol\u00f3gicas de la superficie de los proyectos a estudiar. Levantamientos Geol\u00f3gicos Geolog\u00eda Estructural Identificaci\u00f3n de Riesgo Geol\u00f3gico Levantamientos Geol\u00f3gicos Realizamos la inspecci\u00f3n directa en campo, tanto regional como en el sitio de [&hellip;]<\/p>","protected":false},"author":1,"featured_media":0,"parent":0,"menu_order":0,"comment_status":"closed","ping_status":"closed","template":"elementor_header_footer","meta":{"footnotes":""},"class_list":["post-581","page","type-page","status-publish","hentry"],"yoast_head":"<!-- This site is optimized with the Yoast SEO plugin v25.5 - https:\/\/yoast.com\/wordpress\/plugins\/seo\/ -->\n<title>EPGC - Expertos en Levantamientos Geol\u00f3gicos - Mexicali<\/title>\n<meta name=\"description\" content=\"Descubre caracter\u00edsticas y riesgos geol\u00f3gicos con nuestros detallados levantamientos geol\u00f3gicos para tu proyecto. Cont\u00e1ctanos.\" \/>\n<meta name=\"robots\" content=\"index, follow, max-snippet:-1, max-image-preview:large, max-video-preview:-1\" \/>\n<link rel=\"canonical\" href=\"https:\/\/epgc.com.mx\/en\/levantamientos-geologicos\/\" \/>\n<meta property=\"og:locale\" content=\"en_US\" \/>\n<meta property=\"og:type\" content=\"article\" \/>\n<meta property=\"og:title\" content=\"EPGC - Expertos en Levantamientos Geol\u00f3gicos - Mexicali\" \/>\n<meta property=\"og:description\" content=\"Descubre caracter\u00edsticas y riesgos geol\u00f3gicos con nuestros detallados levantamientos geol\u00f3gicos para tu proyecto. Cont\u00e1ctanos.\" \/>\n<meta property=\"og:url\" content=\"https:\/\/epgc.com.mx\/en\/levantamientos-geologicos\/\" \/>\n<meta property=\"og:site_name\" content=\"EPGC | Especialistas en Geotecnia\" \/>\n<meta property=\"article:modified_time\" content=\"2025-01-10T00:12:06+00:00\" \/>\n<meta property=\"og:image\" content=\"http:\/\/epgc.com.mx\/wp-content\/uploads\/2024\/11\/geologico.webp\" \/>\n<meta name=\"twitter:card\" content=\"summary_large_image\" \/>\n<meta name=\"twitter:label1\" content=\"Est. reading time\" \/>\n\t<meta name=\"twitter:data1\" content=\"2 minutes\" \/>\n<script type=\"application\/ld+json\" class=\"yoast-schema-graph\">{\"@context\":\"https:\/\/schema.org\",\"@graph\":[{\"@type\":\"WebPage\",\"@id\":\"https:\/\/epgc.com.mx\/levantamientos-geologicos\/\",\"url\":\"https:\/\/epgc.com.mx\/levantamientos-geologicos\/\",\"name\":\"EPGC - Expertos en Levantamientos Geol\u00f3gicos - Mexicali\",\"isPartOf\":{\"@id\":\"https:\/\/epgc.com.mx\/#website\"},\"primaryImageOfPage\":{\"@id\":\"https:\/\/epgc.com.mx\/levantamientos-geologicos\/#primaryimage\"},\"image\":{\"@id\":\"https:\/\/epgc.com.mx\/levantamientos-geologicos\/#primaryimage\"},\"thumbnailUrl\":\"http:\/\/epgc.com.mx\/wp-content\/uploads\/2024\/11\/geologico.webp\",\"datePublished\":\"2024-11-21T20:40:36+00:00\",\"dateModified\":\"2025-01-10T00:12:06+00:00\",\"description\":\"Descubre caracter\u00edsticas y riesgos geol\u00f3gicos con nuestros detallados levantamientos geol\u00f3gicos para tu proyecto. Cont\u00e1ctanos.\",\"breadcrumb\":{\"@id\":\"https:\/\/epgc.com.mx\/levantamientos-geologicos\/#breadcrumb\"},\"inLanguage\":\"en-US\",\"potentialAction\":[{\"@type\":\"ReadAction\",\"target\":[\"https:\/\/epgc.com.mx\/levantamientos-geologicos\/\"]}]},{\"@type\":\"ImageObject\",\"inLanguage\":\"en-US\",\"@id\":\"https:\/\/epgc.com.mx\/levantamientos-geologicos\/#primaryimage\",\"url\":\"http:\/\/epgc.com.mx\/wp-content\/uploads\/2024\/11\/geologico.webp\",\"contentUrl\":\"http:\/\/epgc.com.mx\/wp-content\/uploads\/2024\/11\/geologico.webp\"},{\"@type\":\"BreadcrumbList\",\"@id\":\"https:\/\/epgc.com.mx\/levantamientos-geologicos\/#breadcrumb\",\"itemListElement\":[{\"@type\":\"ListItem\",\"position\":1,\"name\":\"Home\",\"item\":\"https:\/\/epgc.com.mx\/\"},{\"@type\":\"ListItem\",\"position\":2,\"name\":\"Levantamientos geol\u00f3gicos\"}]},{\"@type\":\"WebSite\",\"@id\":\"https:\/\/epgc.com.mx\/#website\",\"url\":\"https:\/\/epgc.com.mx\/\",\"name\":\"EPGC | Especialistas en Geotecnia\",\"description\":\"\",\"potentialAction\":[{\"@type\":\"SearchAction\",\"target\":{\"@type\":\"EntryPoint\",\"urlTemplate\":\"https:\/\/epgc.com.mx\/?s={search_term_string}\"},\"query-input\":{\"@type\":\"PropertyValueSpecification\",\"valueRequired\":true,\"valueName\":\"search_term_string\"}}],\"inLanguage\":\"en-US\"}]}<\/script>\n<!-- \/ Yoast SEO plugin. -->","yoast_head_json":{"title":"EPGC - Experts in Geological Surveys - Mexicali","description":"Discover geological characteristics and risks with our detailed geological surveys for your project. Contact us.","robots":{"index":"index","follow":"follow","max-snippet":"max-snippet:-1","max-image-preview":"max-image-preview:large","max-video-preview":"max-video-preview:-1"},"canonical":"https:\/\/epgc.com.mx\/en\/levantamientos-geologicos\/","og_locale":"en_US","og_type":"article","og_title":"EPGC - Expertos en Levantamientos Geol\u00f3gicos - Mexicali","og_description":"Descubre caracter\u00edsticas y riesgos geol\u00f3gicos con nuestros detallados levantamientos geol\u00f3gicos para tu proyecto. Cont\u00e1ctanos.","og_url":"https:\/\/epgc.com.mx\/en\/levantamientos-geologicos\/","og_site_name":"EPGC | Especialistas en Geotecnia","article_modified_time":"2025-01-10T00:12:06+00:00","og_image":[{"url":"http:\/\/epgc.com.mx\/wp-content\/uploads\/2024\/11\/geologico.webp","type":"","width":"","height":""}],"twitter_card":"summary_large_image","twitter_misc":{"Est. reading time":"2 minutes"},"schema":{"@context":"https:\/\/schema.org","@graph":[{"@type":"WebPage","@id":"https:\/\/epgc.com.mx\/levantamientos-geologicos\/","url":"https:\/\/epgc.com.mx\/levantamientos-geologicos\/","name":"EPGC - Experts in Geological Surveys - Mexicali","isPartOf":{"@id":"https:\/\/epgc.com.mx\/#website"},"primaryImageOfPage":{"@id":"https:\/\/epgc.com.mx\/levantamientos-geologicos\/#primaryimage"},"image":{"@id":"https:\/\/epgc.com.mx\/levantamientos-geologicos\/#primaryimage"},"thumbnailUrl":"http:\/\/epgc.com.mx\/wp-content\/uploads\/2024\/11\/geologico.webp","datePublished":"2024-11-21T20:40:36+00:00","dateModified":"2025-01-10T00:12:06+00:00","description":"Discover geological characteristics and risks with our detailed geological surveys for your project. Contact us.","breadcrumb":{"@id":"https:\/\/epgc.com.mx\/levantamientos-geologicos\/#breadcrumb"},"inLanguage":"en-US","potentialAction":[{"@type":"ReadAction","target":["https:\/\/epgc.com.mx\/levantamientos-geologicos\/"]}]},{"@type":"ImageObject","inLanguage":"en-US","@id":"https:\/\/epgc.com.mx\/levantamientos-geologicos\/#primaryimage","url":"http:\/\/epgc.com.mx\/wp-content\/uploads\/2024\/11\/geologico.webp","contentUrl":"http:\/\/epgc.com.mx\/wp-content\/uploads\/2024\/11\/geologico.webp"},{"@type":"BreadcrumbList","@id":"https:\/\/epgc.com.mx\/levantamientos-geologicos\/#breadcrumb","itemListElement":[{"@type":"ListItem","position":1,"name":"Home","item":"https:\/\/epgc.com.mx\/"},{"@type":"ListItem","position":2,"name":"Levantamientos geol\u00f3gicos"}]},{"@type":"WebSite","@id":"https:\/\/epgc.com.mx\/#website","url":"https:\/\/epgc.com.mx\/","name":"EPGC | Especialistas en Geotecnia","description":"","potentialAction":[{"@type":"SearchAction","target":{"@type":"EntryPoint","urlTemplate":"https:\/\/epgc.com.mx\/?s={search_term_string}"},"query-input":{"@type":"PropertyValueSpecification","valueRequired":true,"valueName":"search_term_string"}}],"inLanguage":"en-US"}]}},"_links":{"self":[{"href":"https:\/\/epgc.com.mx\/en\/wp-json\/wp\/v2\/pages\/581","targetHints":{"allow":["GET"]}}],"collection":[{"href":"https:\/\/epgc.com.mx\/en\/wp-json\/wp\/v2\/pages"}],"about":[{"href":"https:\/\/epgc.com.mx\/en\/wp-json\/wp\/v2\/types\/page"}],"author":[{"embeddable":true,"href":"https:\/\/epgc.com.mx\/en\/wp-json\/wp\/v2\/users\/1"}],"replies":[{"embeddable":true,"href":"https:\/\/epgc.com.mx\/en\/wp-json\/wp\/v2\/comments?post=581"}],"version-history":[{"count":0,"href":"https:\/\/epgc.com.mx\/en\/wp-json\/wp\/v2\/pages\/581\/revisions"}],"wp:attachment":[{"href":"https:\/\/epgc.com.mx\/en\/wp-json\/wp\/v2\/media?parent=581"}],"curies":[{"name":"wp","href":"https:\/\/api.w.org\/{rel}","templated":true}]}}