{"id":802,"date":"2024-12-05T21:39:09","date_gmt":"2024-12-05T21:39:09","guid":{"rendered":"http:\/\/epgc.com.mx\/?page_id=802"},"modified":"2025-04-16T21:03:17","modified_gmt":"2025-04-16T21:03:17","slug":"blog","status":"publish","type":"page","link":"https:\/\/epgc.com.mx\/en\/blog\/","title":{"rendered":"BLOG"},"content":{"rendered":"<div data-elementor-type=\"wp-page\" data-elementor-id=\"802\" class=\"elementor elementor-802\" data-elementor-post-type=\"page\">\n\t\t\t\t\t\t<section class=\"elementor-section elementor-top-section elementor-element elementor-element-476b1b1 elementor-section-boxed elementor-section-height-default elementor-section-height-default\" data-id=\"476b1b1\" data-element_type=\"section\" data-settings=\"{&quot;background_background&quot;:&quot;classic&quot;}\">\n\t\t\t\t\t\t\t<div class=\"elementor-background-overlay\"><\/div>\n\t\t\t\t\t\t\t<div class=\"elementor-container elementor-column-gap-default\">\n\t\t\t\t\t<div class=\"elementor-column elementor-col-100 elementor-top-column elementor-element elementor-element-1c819e44 elementor-invisible\" data-id=\"1c819e44\" data-element_type=\"column\" data-settings=\"{&quot;animation&quot;:&quot;fadeInLeft&quot;}\">\n\t\t\t<div class=\"elementor-widget-wrap elementor-element-populated\">\n\t\t\t\t\t\t<div class=\"elementor-element elementor-element-22e506d3 elementor-widget elementor-widget-heading\" data-id=\"22e506d3\" data-element_type=\"widget\" data-widget_type=\"heading.default\">\n\t\t\t\t<div class=\"elementor-widget-container\">\n\t\t\t\t\t<h1 class=\"elementor-heading-title elementor-size-default\">BLOG<\/h1>\t\t\t\t<\/div>\n\t\t\t\t<\/div>\n\t\t\t\t\t<\/div>\n\t\t<\/div>\n\t\t\t\t\t<\/div>\n\t\t<\/section>\n\t\t\t\t<section class=\"elementor-section elementor-top-section elementor-element elementor-element-bd03ca3 elementor-section-boxed elementor-section-height-default elementor-section-height-default\" data-id=\"bd03ca3\" data-element_type=\"section\">\n\t\t\t\t\t\t<div class=\"elementor-container elementor-column-gap-default\">\n\t\t\t\t\t<div class=\"elementor-column elementor-col-100 elementor-top-column elementor-element elementor-element-4fc3d75\" data-id=\"4fc3d75\" data-element_type=\"column\">\n\t\t\t<div class=\"elementor-widget-wrap elementor-element-populated\">\n\t\t\t\t\t\t<div class=\"elementor-element elementor-element-e268728 elementor-widget elementor-widget-elementskit-blog-posts\" data-id=\"e268728\" data-element_type=\"widget\" data-widget_type=\"elementskit-blog-posts.default\">\n\t\t\t\t<div class=\"elementor-widget-container\">\n\t\t\t\t\t<div class=\"ekit-wid-con\" >        <div id=\"post-items--e268728\" class=\"row post-items\">\n                    <div class=\"col-lg-4 col-md-6\">\n\n                                    <div class=\"elementskit-post-image-card\">\n                        <div class=\"elementskit-entry-header\">\n                                                            <a href=\"https:\/\/epgc.com.mx\/en\/los-aspectos-ambientales-del-sistema-geopier\/\" class=\"elementskit-entry-thumb\">\n                                    <img decoding=\"async\" src=\"https:\/\/epgc.com.mx\/wp-content\/uploads\/2024\/12\/Geopier-scaled.webp\" alt=\"Environmental Aspects of the Geopier System\">\n                                <\/a><!-- .elementskit-entry-thumb END -->\n                                                            \n                                                            <div class=\"elementskit-meta-categories\">\n                                    <span class=\"elementskit-meta-wraper\">\n                                        <span><a href=\"https:\/\/epgc.com.mx\/en\/category\/noticias\/\" rel=\"category tag\">Noticias<\/a><\/span>\n                                    <\/span>\n                                <\/div>\n                            \n\t\t\t\t\t\t\t\t\t\t\t\t\t<\/div><!-- .elementskit-entry-header END -->\n\n\t\t\t\t\t\t<div class=\"elementskit-post-body\">\n\t\t\t\t\t\t\t\n\t\t\t\t\t\t\t\t\t\t\t\t\t\t\t\t\t\t\t\t\t\t\t\t\t\n\t\t\t\t\t\t\t\t\n\t\t\t\t\t\t\t\t\t\t\t\t\t\t\t\t\t\t\t\t\t<h2 class=\"entry-title\">\n\t\t\t\t\t<a href=\"https:\/\/epgc.com.mx\/en\/los-aspectos-ambientales-del-sistema-geopier\/\">\n\t\t\t\t\t\tEnvironmental Aspects of the Geopier System\t\t\t\t\t<\/a>\n\t\t\t\t<\/h2>\n\t\t\t\t\t\t\t\t\t\t\t\t\t\t\t\t\t\t\t\t\t\t\t\t\t\t\t\t\t\t\t\t\t\t\t\t\t\t\t\t\t\t<p>By improving the soil in situ, the need to import large quantities of filler material is reduced...<\/p>\n\t\t\t\t\t\t\t\t\t\t\t\t\t\t\t\t\t\t\t\t\t\t                                                            <div class=\"btn-wraper\">\n                                    \n                                                                            <a class=\"elementskit-btn whitespace--normal\" id=\"\" href=\"https:\/\/epgc.com.mx\/en\/los-aspectos-ambientales-del-sistema-geopier\/\">\n                                        \t                                            Read more                                        <\/a>\n                                                                    <\/div>\n                                                    <\/div><!-- .elementskit-post-body END -->\n                    <\/div>\n                \n            <\/div>\n                    <div class=\"col-lg-4 col-md-6\">\n\n                                    <div class=\"elementskit-post-image-card\">\n                        <div class=\"elementskit-entry-header\">\n                                                            <a href=\"https:\/\/epgc.com.mx\/en\/preguntas-mas-frecuentes-del-sistema-geopier\/\" class=\"elementskit-entry-thumb\">\n                                    <img decoding=\"async\" src=\"https:\/\/epgc.com.mx\/wp-content\/uploads\/2024\/12\/sev-1-scaled.webp\" alt=\"Frequently Asked Questions about the Geopier System\">\n                                <\/a><!-- .elementskit-entry-thumb END -->\n                                                            \n                                                            <div class=\"elementskit-meta-categories\">\n                                    <span class=\"elementskit-meta-wraper\">\n                                        <span><a href=\"https:\/\/epgc.com.mx\/en\/category\/noticias\/\" rel=\"category tag\">Noticias<\/a><\/span>\n                                    <\/span>\n                                <\/div>\n                            \n\t\t\t\t\t\t\t\t\t\t\t\t\t<\/div><!-- .elementskit-entry-header END -->\n\n\t\t\t\t\t\t<div class=\"elementskit-post-body\">\n\t\t\t\t\t\t\t\n\t\t\t\t\t\t\t\t\t\t\t\t\t\t\t\t\t\t\t\t\t\t\t\t\t\n\t\t\t\t\t\t\t\t\n\t\t\t\t\t\t\t\t\t\t\t\t\t\t\t\t\t\t\t\t\t<h2 class=\"entry-title\">\n\t\t\t\t\t<a href=\"https:\/\/epgc.com.mx\/en\/preguntas-mas-frecuentes-del-sistema-geopier\/\">\n\t\t\t\t\t\tFrequently Asked Questions about the Geopier System\t\t\t\t\t<\/a>\n\t\t\t\t<\/h2>\n\t\t\t\t\t\t\t\t\t\t\t\t\t\t\t\t\t\t\t\t\t\t\t\t\t\t\t\t\t\t\t\t\t\t\t\t\t\t\t\t\t\t<p>Are there environmental considerations for the system? Yes, the Geopier system has less environmental impact compared to...<\/p>\n\t\t\t\t\t\t\t\t\t\t\t\t\t\t\t\t\t\t\t\t\t\t                                                            <div class=\"btn-wraper\">\n                                    \n                                                                            <a class=\"elementskit-btn whitespace--normal\" id=\"\" href=\"https:\/\/epgc.com.mx\/en\/preguntas-mas-frecuentes-del-sistema-geopier\/\">\n                                        \t                                            Read more                                        <\/a>\n                                                                    <\/div>\n                                                    <\/div><!-- .elementskit-post-body END -->\n                    <\/div>\n                \n            <\/div>\n                    <div class=\"col-lg-4 col-md-6\">\n\n                                    <div class=\"elementskit-post-image-card\">\n                        <div class=\"elementskit-entry-header\">\n                                                            <a href=\"https:\/\/epgc.com.mx\/en\/sabias-para-que-sirve-la-broca-triconica\/\" class=\"elementskit-entry-thumb\">\n                                    <img decoding=\"async\" src=\"https:\/\/epgc.com.mx\/wp-content\/uploads\/2024\/12\/closeup-of-a-rusty-metallic-drill-bit-on-a-blurry-2023-11-27-05-32-54-utc-1-scaled.webp\" alt=\"Do you know what a tri-cone drill bit is used for?\">\n                                <\/a><!-- .elementskit-entry-thumb END -->\n                                                            \n                                                            <div class=\"elementskit-meta-categories\">\n                                    <span class=\"elementskit-meta-wraper\">\n                                        <span><a href=\"https:\/\/epgc.com.mx\/en\/category\/noticias\/\" rel=\"category tag\">Noticias<\/a><\/span>\n                                    <\/span>\n                                <\/div>\n                            \n\t\t\t\t\t\t\t\t\t\t\t\t\t<\/div><!-- .elementskit-entry-header END -->\n\n\t\t\t\t\t\t<div class=\"elementskit-post-body\">\n\t\t\t\t\t\t\t\n\t\t\t\t\t\t\t\t\t\t\t\t\t\t\t\t\t\t\t\t\t\t\t\t\t\n\t\t\t\t\t\t\t\t\n\t\t\t\t\t\t\t\t\t\t\t\t\t\t\t\t\t\t\t\t\t<h2 class=\"entry-title\">\n\t\t\t\t\t<a href=\"https:\/\/epgc.com.mx\/en\/sabias-para-que-sirve-la-broca-triconica\/\">\n\t\t\t\t\t\tDo you know what a tri-cone drill bit is used for?\t\t\t\t\t<\/a>\n\t\t\t\t<\/h2>\n\t\t\t\t\t\t\t\t\t\t\t\t\t\t\t\t\t\t\t\t\t\t\t\t\t\t\t\t\t\t\t\t\t\t\t\t\t\t\t\t\t\t<p>A tri-cone drill bit is an essential tool for drilling hard materials, such as rocks, in specific industrial applications...<\/p>\n\t\t\t\t\t\t\t\t\t\t\t\t\t\t\t\t\t\t\t\t\t\t                                                            <div class=\"btn-wraper\">\n                                    \n                                                                            <a class=\"elementskit-btn whitespace--normal\" id=\"\" href=\"https:\/\/epgc.com.mx\/en\/sabias-para-que-sirve-la-broca-triconica\/\">\n                                        \t                                            Read more                                        <\/a>\n                                                                    <\/div>\n                                                    <\/div><!-- .elementskit-post-body END -->\n                    <\/div>\n                \n            <\/div>\n                    <div class=\"col-lg-4 col-md-6\">\n\n                                    <div class=\"elementskit-post-image-card\">\n                        <div class=\"elementskit-entry-header\">\n                                                            <a href=\"https:\/\/epgc.com.mx\/en\/sondeo-vertical\/\" class=\"elementskit-entry-thumb\">\n                                    <img decoding=\"async\" src=\"https:\/\/epgc.com.mx\/wp-content\/uploads\/2024\/12\/foto.webp\" alt=\"Vertical Sounding\">\n                                <\/a><!-- .elementskit-entry-thumb END -->\n                                                            \n                                                            <div class=\"elementskit-meta-categories\">\n                                    <span class=\"elementskit-meta-wraper\">\n                                        <span><a href=\"https:\/\/epgc.com.mx\/en\/category\/proyectos\/\" rel=\"category tag\">Our Projects<\/a><\/span>\n                                    <\/span>\n                                <\/div>\n                            \n\t\t\t\t\t\t\t\t\t\t\t\t\t<\/div><!-- .elementskit-entry-header END -->\n\n\t\t\t\t\t\t<div class=\"elementskit-post-body\">\n\t\t\t\t\t\t\t\n\t\t\t\t\t\t\t\t\t\t\t\t\t\t\t\t\t\t\t\t\t\t\t\t\t\n\t\t\t\t\t\t\t\t\n\t\t\t\t\t\t\t\t\t\t\t\t\t\t\t\t\t\t\t\t\t<h2 class=\"entry-title\">\n\t\t\t\t\t<a href=\"https:\/\/epgc.com.mx\/en\/sondeo-vertical\/\">\n\t\t\t\t\t\tVertical Sounding\t\t\t\t\t<\/a>\n\t\t\t\t<\/h2>\n\t\t\t\t\t\t\t\t\t\t\t\t\t\t\t\t\t\t\t\t\t\t\t\t\t\t\t\t\t\t\t\t\t\t\t\t\t\t\t\t\t\t<p>Vertical Electrical Sounding (VES) is a geophysical technique used to obtain information about the properties...<\/p>\n\t\t\t\t\t\t\t\t\t\t\t\t\t\t\t\t\t\t\t\t\t\t                                                            <div class=\"btn-wraper\">\n                                    \n                                                                            <a class=\"elementskit-btn whitespace--normal\" id=\"\" href=\"https:\/\/epgc.com.mx\/en\/sondeo-vertical\/\">\n                                        \t                                            Read more                                        <\/a>\n                                                                    <\/div>\n                                                    <\/div><!-- .elementskit-post-body END -->\n                    <\/div>\n                \n            <\/div>\n                <\/div>\n       <\/div>\t\t\t\t<\/div>\n\t\t\t\t<\/div>\n\t\t\t\t\t<\/div>\n\t\t<\/div>\n\t\t\t\t\t<\/div>\n\t\t<\/section>\n\t\t\t\t<\/div>","protected":false},"excerpt":{"rendered":"<p>Blog Noticias Los aspectos ambientales del sistema Geopier Reducci\u00f3n del uso de materiales: Al mejorar el suelo in situ, se reduce la necesidad&hellip; Leer m\u00e1s Noticias Preguntas m\u00e1s frecuentes del Sistema Geopier \u00bfExisten consideraciones ambientales para el sistema? Si, el sistema Geopier tiene menos impacto ambiental comparado&hellip; Leer m\u00e1s Noticias \u00bfSab\u00edas para qu\u00e9 sirve la [&hellip;]<\/p>","protected":false},"author":1,"featured_media":0,"parent":0,"menu_order":0,"comment_status":"closed","ping_status":"closed","template":"elementor_header_footer","meta":{"footnotes":""},"class_list":["post-802","page","type-page","status-publish","hentry"],"yoast_head":"<!-- This site is optimized with the Yoast SEO plugin v25.5 - https:\/\/yoast.com\/wordpress\/plugins\/seo\/ -->\n<title>Blog - EPGC | Especialistas en Geotecnia en Mexicali<\/title>\n<meta name=\"description\" content=\"Encuentra informaci\u00f3n acerca de temas relevantes que tienen relaci\u00f3n con nuestra empresa. Cont\u00e1ctanos para ser parte de tu industria.\" \/>\n<meta name=\"robots\" content=\"index, follow, max-snippet:-1, max-image-preview:large, max-video-preview:-1\" \/>\n<link rel=\"canonical\" href=\"https:\/\/epgc.com.mx\/en\/blog\/\" \/>\n<meta property=\"og:locale\" content=\"en_US\" \/>\n<meta property=\"og:type\" content=\"article\" \/>\n<meta property=\"og:title\" content=\"Blog - EPGC | Especialistas en Geotecnia en Mexicali\" \/>\n<meta property=\"og:description\" content=\"Encuentra informaci\u00f3n acerca de temas relevantes que tienen relaci\u00f3n con nuestra empresa. Cont\u00e1ctanos para ser parte de tu industria.\" \/>\n<meta property=\"og:url\" content=\"https:\/\/epgc.com.mx\/en\/blog\/\" \/>\n<meta property=\"og:site_name\" content=\"EPGC | Especialistas en Geotecnia\" \/>\n<meta property=\"article:modified_time\" content=\"2025-04-16T21:03:17+00:00\" \/>\n<meta property=\"og:image\" content=\"http:\/\/epgc.com.mx\/wp-content\/uploads\/2024\/12\/Geopier-scaled.webp\" \/>\n<meta name=\"twitter:card\" content=\"summary_large_image\" \/>\n<meta name=\"twitter:label1\" content=\"Est. reading time\" \/>\n\t<meta name=\"twitter:data1\" content=\"2 minutes\" \/>\n<script type=\"application\/ld+json\" class=\"yoast-schema-graph\">{\"@context\":\"https:\/\/schema.org\",\"@graph\":[{\"@type\":\"WebPage\",\"@id\":\"https:\/\/epgc.com.mx\/blog\/\",\"url\":\"https:\/\/epgc.com.mx\/blog\/\",\"name\":\"Blog - EPGC | Especialistas en Geotecnia en Mexicali\",\"isPartOf\":{\"@id\":\"https:\/\/epgc.com.mx\/#website\"},\"primaryImageOfPage\":{\"@id\":\"https:\/\/epgc.com.mx\/blog\/#primaryimage\"},\"image\":{\"@id\":\"https:\/\/epgc.com.mx\/blog\/#primaryimage\"},\"thumbnailUrl\":\"http:\/\/epgc.com.mx\/wp-content\/uploads\/2024\/12\/Geopier-scaled.webp\",\"datePublished\":\"2024-12-05T21:39:09+00:00\",\"dateModified\":\"2025-04-16T21:03:17+00:00\",\"description\":\"Encuentra informaci\u00f3n acerca de temas relevantes que tienen relaci\u00f3n con nuestra empresa. Cont\u00e1ctanos para ser parte de tu industria.\",\"breadcrumb\":{\"@id\":\"https:\/\/epgc.com.mx\/blog\/#breadcrumb\"},\"inLanguage\":\"en-US\",\"potentialAction\":[{\"@type\":\"ReadAction\",\"target\":[\"https:\/\/epgc.com.mx\/blog\/\"]}]},{\"@type\":\"ImageObject\",\"inLanguage\":\"en-US\",\"@id\":\"https:\/\/epgc.com.mx\/blog\/#primaryimage\",\"url\":\"http:\/\/epgc.com.mx\/wp-content\/uploads\/2024\/12\/Geopier-scaled.webp\",\"contentUrl\":\"http:\/\/epgc.com.mx\/wp-content\/uploads\/2024\/12\/Geopier-scaled.webp\"},{\"@type\":\"BreadcrumbList\",\"@id\":\"https:\/\/epgc.com.mx\/blog\/#breadcrumb\",\"itemListElement\":[{\"@type\":\"ListItem\",\"position\":1,\"name\":\"Home\",\"item\":\"https:\/\/epgc.com.mx\/\"},{\"@type\":\"ListItem\",\"position\":2,\"name\":\"Blog\"}]},{\"@type\":\"WebSite\",\"@id\":\"https:\/\/epgc.com.mx\/#website\",\"url\":\"https:\/\/epgc.com.mx\/\",\"name\":\"EPGC | Especialistas en Geotecnia\",\"description\":\"\",\"potentialAction\":[{\"@type\":\"SearchAction\",\"target\":{\"@type\":\"EntryPoint\",\"urlTemplate\":\"https:\/\/epgc.com.mx\/?s={search_term_string}\"},\"query-input\":{\"@type\":\"PropertyValueSpecification\",\"valueRequired\":true,\"valueName\":\"search_term_string\"}}],\"inLanguage\":\"en-US\"}]}<\/script>\n<!-- \/ Yoast SEO plugin. -->","yoast_head_json":{"title":"EPGC - Blog - Geotechnical Studies in Mexicali","description":"Learn about relevant topics related to our company. Contact us to be part of your industry.","robots":{"index":"index","follow":"follow","max-snippet":"max-snippet:-1","max-image-preview":"max-image-preview:large","max-video-preview":"max-video-preview:-1"},"canonical":"https:\/\/epgc.com.mx\/en\/blog\/","og_locale":"en_US","og_type":"article","og_title":"Blog - EPGC | Especialistas en Geotecnia en Mexicali","og_description":"Encuentra informaci\u00f3n acerca de temas relevantes que tienen relaci\u00f3n con nuestra empresa. Cont\u00e1ctanos para ser parte de tu industria.","og_url":"https:\/\/epgc.com.mx\/en\/blog\/","og_site_name":"EPGC | Especialistas en Geotecnia","article_modified_time":"2025-04-16T21:03:17+00:00","og_image":[{"url":"http:\/\/epgc.com.mx\/wp-content\/uploads\/2024\/12\/Geopier-scaled.webp","type":"","width":"","height":""}],"twitter_card":"summary_large_image","twitter_misc":{"Est. reading time":"2 minutes"},"schema":{"@context":"https:\/\/schema.org","@graph":[{"@type":"WebPage","@id":"https:\/\/epgc.com.mx\/blog\/","url":"https:\/\/epgc.com.mx\/blog\/","name":"EPGC - Blog - Geotechnical Studies in Mexicali","isPartOf":{"@id":"https:\/\/epgc.com.mx\/#website"},"primaryImageOfPage":{"@id":"https:\/\/epgc.com.mx\/blog\/#primaryimage"},"image":{"@id":"https:\/\/epgc.com.mx\/blog\/#primaryimage"},"thumbnailUrl":"http:\/\/epgc.com.mx\/wp-content\/uploads\/2024\/12\/Geopier-scaled.webp","datePublished":"2024-12-05T21:39:09+00:00","dateModified":"2025-04-16T21:03:17+00:00","description":"Learn about relevant topics related to our company. Contact us to be part of your industry.","breadcrumb":{"@id":"https:\/\/epgc.com.mx\/blog\/#breadcrumb"},"inLanguage":"en-US","potentialAction":[{"@type":"ReadAction","target":["https:\/\/epgc.com.mx\/blog\/"]}]},{"@type":"ImageObject","inLanguage":"en-US","@id":"https:\/\/epgc.com.mx\/blog\/#primaryimage","url":"http:\/\/epgc.com.mx\/wp-content\/uploads\/2024\/12\/Geopier-scaled.webp","contentUrl":"http:\/\/epgc.com.mx\/wp-content\/uploads\/2024\/12\/Geopier-scaled.webp"},{"@type":"BreadcrumbList","@id":"https:\/\/epgc.com.mx\/blog\/#breadcrumb","itemListElement":[{"@type":"ListItem","position":1,"name":"Home","item":"https:\/\/epgc.com.mx\/"},{"@type":"ListItem","position":2,"name":"Blog"}]},{"@type":"WebSite","@id":"https:\/\/epgc.com.mx\/#website","url":"https:\/\/epgc.com.mx\/","name":"EPGC | Especialistas en Geotecnia","description":"","potentialAction":[{"@type":"SearchAction","target":{"@type":"EntryPoint","urlTemplate":"https:\/\/epgc.com.mx\/?s={search_term_string}"},"query-input":{"@type":"PropertyValueSpecification","valueRequired":true,"valueName":"search_term_string"}}],"inLanguage":"en-US"}]}},"_links":{"self":[{"href":"https:\/\/epgc.com.mx\/en\/wp-json\/wp\/v2\/pages\/802","targetHints":{"allow":["GET"]}}],"collection":[{"href":"https:\/\/epgc.com.mx\/en\/wp-json\/wp\/v2\/pages"}],"about":[{"href":"https:\/\/epgc.com.mx\/en\/wp-json\/wp\/v2\/types\/page"}],"author":[{"embeddable":true,"href":"https:\/\/epgc.com.mx\/en\/wp-json\/wp\/v2\/users\/1"}],"replies":[{"embeddable":true,"href":"https:\/\/epgc.com.mx\/en\/wp-json\/wp\/v2\/comments?post=802"}],"version-history":[{"count":0,"href":"https:\/\/epgc.com.mx\/en\/wp-json\/wp\/v2\/pages\/802\/revisions"}],"wp:attachment":[{"href":"https:\/\/epgc.com.mx\/en\/wp-json\/wp\/v2\/media?parent=802"}],"curies":[{"name":"wp","href":"https:\/\/api.w.org\/{rel}","templated":true}]}}